{"id":31304,"date":"2022-05-12T16:51:14","date_gmt":"2022-05-12T16:51:14","guid":{"rendered":"https:\/\/stylebyfruit.com\/rezepte\/"},"modified":"2024-09-09T06:41:42","modified_gmt":"2024-09-09T06:41:42","slug":"rezepte","status":"publish","type":"page","link":"https:\/\/stylebyfruit.com\/de\/rezepte\/","title":{"rendered":"Rezepte"},"content":{"rendered":"<p>[et_pb_section fb_built=&#8220;1&#8243; _builder_version=&#8220;4.27.0&#8243; _module_preset=&#8220;default&#8220; background_image=&#8220;https:\/\/stylebyfruit.com\/wp-content\/uploads\/2024\/08\/portada-recetas-style-by-fruit-scaled.webp&#8220; background_position=&#8220;top_center&#8220; background_vertical_offset=&#8220;86%&#8220; min_height=&#8220;475.9px&#8220; min_height_tablet=&#8220;475.9px&#8220; min_height_phone=&#8220;236.7px&#8220; min_height_last_edited=&#8220;on|phone&#8220; custom_padding=&#8220;0%||0%||true|false&#8220; background_last_edited=&#8220;on|phone&#8220; background_size_phone=&#8220;contain&#8220; background_vertical_offset_phone=&#8220;7%&#8220; locked=&#8220;off&#8220; global_colors_info=&#8220;{}&#8220;][\/et_pb_section][et_pb_section fb_built=&#8220;1&#8243; _builder_version=&#8220;4.17.4&#8243; _module_preset=&#8220;default&#8220; global_colors_info=&#8220;{}&#8220;][et_pb_row _builder_version=&#8220;4.19.5&#8243; _module_preset=&#8220;default&#8220; global_colors_info=&#8220;{}&#8220;][et_pb_column type=&#8220;4_4&#8243; _builder_version=&#8220;4.17.4&#8243; _module_preset=&#8220;default&#8220; global_colors_info=&#8220;{}&#8220;][et_pb_text _builder_version=&#8220;4.19.5&#8243; _module_preset=&#8220;default&#8220; header_2_font=&#8220;||||||||&#8220; header_2_text_align=&#8220;left&#8220; header_2_text_color=&#8220;#262329&#8243; header_2_font_size=&#8220;53px&#8220; header_2_line_height=&#8220;1.2em&#8220; custom_margin=&#8220;0px||0px||false|false&#8220; custom_margin_tablet=&#8220;0px||60px||false|false&#8220; custom_margin_phone=&#8220;0px||40px||false|false&#8220; custom_margin_last_edited=&#8220;on|phone&#8220; custom_padding=&#8220;0px||||false|false&#8220; header_2_text_align_tablet=&#8220;left&#8220; header_2_text_align_phone=&#8220;center&#8220; header_2_text_align_last_edited=&#8220;on|phone&#8220; header_2_font_size_tablet=&#8220;40px&#8220; header_2_font_size_phone=&#8220;30px&#8220; header_2_font_size_last_edited=&#8220;on|tablet&#8220; locked=&#8220;off&#8220; global_colors_info=&#8220;{}&#8220;]<\/p>\n<h2 style=\"text-align: center;\">REZEPTE MIT STIL<\/h2>\n<p>[\/et_pb_text][et_pb_text content_tablet=&#8220;<\/p>\n<p style=%22text-align: center;%22>auche ein in eine Welt von au\u00dfergew\u00f6hnlich qualitativen Fr\u00fcchten, die ausschlie\u00dflich in Spanien angebaut werden, und erlebe die harmonische Verbindung von Tradition und Moderne.<\/p>\n<p>&#8220; content_phone=&#8220;<\/p>\n<p style=%22text-align: center;%22>auche ein in eine Welt von au\u00dfergew\u00f6hnlich qualitativen Fr\u00fcchten, die ausschlie\u00dflich in Spanien angebaut werden, und erlebe die harmonische Verbindung von Tradition und Moderne.<\/p>\n<p>&#8220; content_last_edited=&#8220;on|phone&#8220; _builder_version=&#8220;4.27.0&#8243; _module_preset=&#8220;default&#8220; text_font=&#8220;|300|||||||&#8220; text_font_size=&#8220;18px&#8220; custom_margin=&#8220;|133px||133px|false|true&#8220; custom_margin_tablet=&#8220;|133px||133px|false|true&#8220; custom_margin_phone=&#8220;|12px||12px|false|true&#8220; custom_margin_last_edited=&#8220;on|desktop&#8220; locked=&#8220;off&#8220; global_colors_info=&#8220;{}&#8220;]<\/p>\n<p style=\"text-align: center;\">Verwandeln Sie Ihre Mahlzeiten mit unseren Fr\u00fcchten. Entdecken Sie unsere Rezeptsammlung, die f\u00fcr jede Gelegenheit geeignet ist. <\/p>\n<p>[\/et_pb_text][et_pb_blog_extras use_category_filterable_blog=&#8220;on&#8220; blog_layout=&#8220;masonry&#8220; column_spacing=&#8220;15px&#8220; read_more_text=&#8220;Mehr lesen&#8220; show_author=&#8220;off&#8220; show_date=&#8220;off&#8220; show_comments=&#8220;off&#8220; masonry_columns_tablet=&#8220;&#8220; masonry_columns_phone=&#8220;1&#8243; masonry_columns_last_edited=&#8220;on|phone&#8220; _builder_version=&#8220;4.27.0&#8243; _module_preset=&#8220;default&#8220; hover_enabled=&#8220;0&#8243; header_font_size_tablet=&#8220;&#8220; header_font_size_phone=&#8220;21px&#8220; header_font_size_last_edited=&#8220;on|phone&#8220; global_colors_info=&#8220;{}&#8220; sticky_enabled=&#8220;0&#8243;][\/et_pb_blog_extras][et_pb_image src=&#8220;https:\/\/stylebyfruit.com\/wp-content\/uploads\/2024\/08\/horizontal-bar-style_1-1.webp&#8220; title_text=&#8220;horizontal bar style_1&#8243; _builder_version=&#8220;4.27.0&#8243; _module_preset=&#8220;default&#8220; global_colors_info=&#8220;{}&#8220;][\/et_pb_image][et_pb_text _builder_version=&#8220;4.27.0&#8243; _module_preset=&#8220;default&#8220; header_2_font=&#8220;||||||||&#8220; header_2_text_align=&#8220;left&#8220; header_2_text_color=&#8220;#262329&#8243; header_2_font_size=&#8220;53px&#8220; header_2_line_height=&#8220;1.2em&#8220; custom_margin=&#8220;0px||0px||false|false&#8220; custom_margin_tablet=&#8220;0px||60px||false|false&#8220; custom_margin_phone=&#8220;0px||40px||false|false&#8220; custom_margin_last_edited=&#8220;on|phone&#8220; custom_padding=&#8220;0px||||false|false&#8220; header_2_text_align_tablet=&#8220;left&#8220; header_2_text_align_phone=&#8220;center&#8220; header_2_text_align_last_edited=&#8220;on|phone&#8220; header_2_font_size_tablet=&#8220;40px&#8220; header_2_font_size_phone=&#8220;30px&#8220; header_2_font_size_last_edited=&#8220;on|tablet&#8220; locked=&#8220;off&#8220; global_colors_info=&#8220;{}&#8220;]<\/p>\n<h2 style=\"text-align: center;\">SAISONAL<\/h2>\n<p>[\/et_pb_text][et_pb_text content_tablet=&#8220;<\/p>\n<p style=%22text-align: center;%22>auche ein in eine Welt von au\u00dfergew\u00f6hnlich qualitativen Fr\u00fcchten, die ausschlie\u00dflich in Spanien angebaut werden, und erlebe die harmonische Verbindung von Tradition und Moderne.<\/p>\n<p>&#8220; content_phone=&#8220;<\/p>\n<p style=%22text-align: center;%22>auche ein in eine Welt von au\u00dfergew\u00f6hnlich qualitativen Fr\u00fcchten, die ausschlie\u00dflich in Spanien angebaut werden, und erlebe die harmonische Verbindung von Tradition und Moderne.<\/p>\n<p>&#8220; content_last_edited=&#8220;on|phone&#8220; _builder_version=&#8220;4.27.0&#8243; _module_preset=&#8220;default&#8220; text_font=&#8220;|300|||||||&#8220; text_font_size=&#8220;18px&#8220; custom_margin=&#8220;|133px||133px|false|true&#8220; custom_margin_tablet=&#8220;|133px||133px|false|true&#8220; custom_margin_phone=&#8220;|27px||27px|false|true&#8220; custom_margin_last_edited=&#8220;on|desktop&#8220; locked=&#8220;off&#8220; global_colors_info=&#8220;{}&#8220;]<\/p>\n<p style=\"text-align: center;\">Entdecke die Magie frischer und authentischer Geschm\u00e4cke, die nur saisonales Obst bieten kann. Die folgenden Rezepte sind darauf ausgelegt, dich zu inspirieren, das Beste jeder Jahreszeit zu genie\u00dfen, indem frische Zutaten in unwiderstehliche Kreationen verwandelt werden, die deinen Gaumen erfreuen werden. <\/p>\n<p>[\/et_pb_text][et_pb_post_slider posts_number=&#8220;1&#8243; show_arrows=&#8220;off&#8220; show_pagination=&#8220;off&#8220; excerpt_length=&#8220;100&#8243; show_meta=&#8220;off&#8220; _builder_version=&#8220;4.27.0&#8243; _module_preset=&#8220;default&#8220; global_colors_info=&#8220;{}&#8220;][\/et_pb_post_slider][\/et_pb_column][\/et_pb_row][\/et_pb_section]<\/p>\n","protected":false},"excerpt":{"rendered":"<p>REZEPTE MIT STILVerwandeln Sie Ihre Mahlzeiten mit unseren Fr\u00fcchten. Entdecken Sie unsere Rezeptsammlung, die f\u00fcr jede Gelegenheit geeignet ist. SAISONALEntdecke die Magie frischer und authentischer Geschm\u00e4cke, die nur saisonales Obst bieten kann. Die folgenden Rezepte sind darauf ausgelegt, dich zu inspirieren, das Beste jeder Jahreszeit zu genie\u00dfen, indem frische Zutaten in unwiderstehliche Kreationen verwandelt werden, [&hellip;]<\/p>\n","protected":false},"author":1,"featured_media":0,"parent":0,"menu_order":0,"comment_status":"closed","ping_status":"closed","template":"","meta":{"_et_pb_use_builder":"on","_et_pb_old_content":"","_et_gb_content_width":"","footnotes":""},"class_list":["post-31304","page","type-page","status-publish","hentry"],"_links":{"self":[{"href":"https:\/\/stylebyfruit.com\/de\/wp-json\/wp\/v2\/pages\/31304","targetHints":{"allow":["GET"]}}],"collection":[{"href":"https:\/\/stylebyfruit.com\/de\/wp-json\/wp\/v2\/pages"}],"about":[{"href":"https:\/\/stylebyfruit.com\/de\/wp-json\/wp\/v2\/types\/page"}],"author":[{"embeddable":true,"href":"https:\/\/stylebyfruit.com\/de\/wp-json\/wp\/v2\/users\/1"}],"replies":[{"embeddable":true,"href":"https:\/\/stylebyfruit.com\/de\/wp-json\/wp\/v2\/comments?post=31304"}],"version-history":[{"count":8,"href":"https:\/\/stylebyfruit.com\/de\/wp-json\/wp\/v2\/pages\/31304\/revisions"}],"predecessor-version":[{"id":31331,"href":"https:\/\/stylebyfruit.com\/de\/wp-json\/wp\/v2\/pages\/31304\/revisions\/31331"}],"wp:attachment":[{"href":"https:\/\/stylebyfruit.com\/de\/wp-json\/wp\/v2\/media?parent=31304"}],"curies":[{"name":"wp","href":"https:\/\/api.w.org\/{rel}","templated":true}]}}