{"id":30833,"date":"2022-05-12T16:50:51","date_gmt":"2022-05-12T16:50:51","guid":{"rendered":"https:\/\/stylebyfruit.com\/kaki-rojo-brillante\/"},"modified":"2024-09-06T10:49:31","modified_gmt":"2024-09-06T10:49:31","slug":"fruchte-style-by-fruit","status":"publish","type":"page","link":"https:\/\/stylebyfruit.com\/de\/fruchte-style-by-fruit\/","title":{"rendered":"Fr\u00fcchte Style By Fruit"},"content":{"rendered":"<p>[et_pb_section fb_built=&#8220;1&#8243; _builder_version=&#8220;4.19.5&#8243; _module_preset=&#8220;default&#8220; background_image=&#8220;https:\/\/stylebyfruit.com\/wp-content\/uploads\/2024\/08\/Firefly-pomegranate-tree-60693-scaled.jpg&#8220; background_position=&#8220;top_center&#8220; background_vertical_offset=&#8220;26%&#8220; min_height=&#8220;475.9px&#8220; min_height_tablet=&#8220;475.9px&#8220; min_height_phone=&#8220;236.7px&#8220; min_height_last_edited=&#8220;on|phone&#8220; custom_padding=&#8220;0%||0%||true|false&#8220; background_last_edited=&#8220;on|phone&#8220; background_size_phone=&#8220;contain&#8220; background_vertical_offset_phone=&#8220;7%&#8220; global_colors_info=&#8220;{}&#8220;][\/et_pb_section][et_pb_section fb_built=&#8220;1&#8243; _builder_version=&#8220;4.17.4&#8243; _module_preset=&#8220;default&#8220; custom_padding=&#8220;||0px||false|false&#8220; global_colors_info=&#8220;{}&#8220;][et_pb_row use_custom_gutter=&#8220;on&#8220; gutter_width=&#8220;1&#8243; _builder_version=&#8220;4.17.4&#8243; _module_preset=&#8220;default&#8220; width=&#8220;90%&#8220; max_width=&#8220;1290px&#8220; custom_margin=&#8220;0px||53px||false|false&#8220; custom_padding=&#8220;0px||0px||false|false&#8220; global_colors_info=&#8220;{}&#8220;][et_pb_column type=&#8220;4_4&#8243; _builder_version=&#8220;4.17.3&#8243; _module_preset=&#8220;default&#8220; global_colors_info=&#8220;{}&#8220;][et_pb_text _builder_version=&#8220;4.19.5&#8243; _module_preset=&#8220;default&#8220; header_2_font=&#8220;|600|||||||&#8220; header_2_text_align=&#8220;center&#8220; header_2_text_color=&#8220;#262329&#8243; header_2_font_size=&#8220;53px&#8220; header_2_line_height=&#8220;1.2em&#8220; custom_margin=&#8220;0px||0px||false|false&#8220; custom_margin_tablet=&#8220;0px||0px||false|false&#8220; custom_margin_phone=&#8220;0px||0px||false|false&#8220; custom_margin_last_edited=&#8220;on|phone&#8220; custom_padding=&#8220;0px||0px||false|false&#8220; header_2_font_size_tablet=&#8220;40px&#8220; header_2_font_size_phone=&#8220;30px&#8220; header_2_font_size_last_edited=&#8220;on|tablet&#8220; global_colors_info=&#8220;{}&#8220;]<\/p>\n<h2>UNSERE OBSTKOLLEKTION<\/h2>\n<p>[\/et_pb_text][et_pb_text _builder_version=&#8220;4.19.5&#8243; _module_preset=&#8220;default&#8220; text_font=&#8220;|300|||||||&#8220; text_text_color=&#8220;#000000&#8243; text_font_size=&#8220;20px&#8220; text_line_height=&#8220;1.2em&#8220; custom_margin=&#8220;30px||||false|false&#8220; global_colors_info=&#8220;{}&#8220;]<\/p>\n<p style=\"text-align: center;\">Entdecken Sie unser breites Angebot an <strong>hochwertigen Fr\u00fcchten<\/strong>, die sorgf\u00e4ltig ausgew\u00e4hlt wurden, um die besten Aromen der Natur auf Ihren Tisch zu bringen.<\/p>\n<p>[\/et_pb_text][\/et_pb_column][\/et_pb_row][et_pb_row column_structure=&#8220;1_3,1_3,1_3&#8243; _builder_version=&#8220;4.19.5&#8243; _module_preset=&#8220;default&#8220; global_colors_info=&#8220;{}&#8220;][et_pb_column type=&#8220;1_3&#8243; _builder_version=&#8220;4.19.5&#8243; _module_preset=&#8220;default&#8220; global_colors_info=&#8220;{}&#8220;][et_pb_image src=&#8220;https:\/\/stylebyfruit.com\/wp-content\/uploads\/2024\/08\/Firefly-a-photo-of-a-mediterranean-kitchen-white-wall-wooden-kitchen-counter-with-mediterranean-pe.jpg&#8220; title_text=&#8220;Firefly a photo of a mediterranean kitchen, white wall, wooden kitchen counter with mediterranean pe&#8220; _builder_version=&#8220;4.19.5&#8243; _module_preset=&#8220;default&#8220; border_color_all=&#8220;RGBA(255,255,255,0)&#8220; border_style_all=&#8220;inset&#8220; global_colors_info=&#8220;{}&#8220;][\/et_pb_image][et_pb_text _builder_version=&#8220;4.19.5&#8243; _module_preset=&#8220;default&#8220; text_font=&#8220;|300|||||||&#8220; text_text_color=&#8220;#000000&#8243; text_font_size=&#8220;20px&#8220; text_line_height=&#8220;1.2em&#8220; custom_margin=&#8220;30px||||false|false&#8220; locked=&#8220;off&#8220; global_colors_info=&#8220;{}&#8220;]<\/p>\n<p style=\"text-align: center;\"><strong>KAKI<\/strong><\/p>\n<p style=\"text-align: center; font-size: small;\">Kaki Rojo Brillante<\/p>\n<p style=\"text-align: center; font-size: small;\">Die sorgf\u00e4ltig ausgew\u00e4hlt wurden, um die besten Aromen der Natur auf Ihren Tisch zu bringen.<\/p>\n<p>[\/et_pb_text][\/et_pb_column][et_pb_column type=&#8220;1_3&#8243; _builder_version=&#8220;4.19.5&#8243; _module_preset=&#8220;default&#8220; global_colors_info=&#8220;{}&#8220;][et_pb_image src=&#8220;https:\/\/stylebyfruit.com\/wp-content\/uploads\/2024\/08\/Firefly-a-mediterranean-kitchen-white-wall-wooden-kitchen-counter-with-mediterranean-fruits-on-it-.jpg&#8220; title_text=&#8220;Firefly a mediterranean kitchen, white wall, wooden kitchen counter with mediterranean fruits on it&#8220; _builder_version=&#8220;4.19.5&#8243; _module_preset=&#8220;default&#8220; global_colors_info=&#8220;{}&#8220;][\/et_pb_image][et_pb_text _builder_version=&#8220;4.19.5&#8243; _module_preset=&#8220;default&#8220; text_font=&#8220;|300|||||||&#8220; text_text_color=&#8220;#000000&#8243; text_font_size=&#8220;20px&#8220; text_line_height=&#8220;1.2em&#8220; custom_margin=&#8220;30px||||false|false&#8220; locked=&#8220;off&#8220; global_colors_info=&#8220;{}&#8220;]<\/p>\n<p style=\"text-align: center;\"><strong>ZITRUS<\/strong><\/p>\n<p style=\"text-align: center; font-size: small;\">Orange, Mandarine, Grapefruit und Zitrone.<\/p>\n<p style=\"text-align: center; font-size: small;\">Unsere Zitrusfr\u00fcchte sind erfrischend und voller Leben und bringen einen Hauch von Sonne in Ihren Tag.<\/p>\n<p>[\/et_pb_text][\/et_pb_column][et_pb_column type=&#8220;1_3&#8243; _builder_version=&#8220;4.19.5&#8243; _module_preset=&#8220;default&#8220; global_colors_info=&#8220;{}&#8220;][et_pb_image src=&#8220;https:\/\/stylebyfruit.com\/wp-content\/uploads\/2024\/08\/Firefly-a-mediterranean-kitchen-white-wall-wooden-kitchen-counter-with-mediterranean-fruits-on-it-1.jpg&#8220; title_text=&#8220;Firefly a mediterranean kitchen, white wall, wooden kitchen counter with mediterranean fruits on it (1)&#8220; _builder_version=&#8220;4.19.5&#8243; _module_preset=&#8220;default&#8220; global_colors_info=&#8220;{}&#8220;][\/et_pb_image][et_pb_text _builder_version=&#8220;4.19.5&#8243; _module_preset=&#8220;default&#8220; text_font=&#8220;|300|||||||&#8220; text_text_color=&#8220;#000000&#8243; text_font_size=&#8220;20px&#8220; text_line_height=&#8220;1.2em&#8220; custom_margin=&#8220;30px||||false|false&#8220; locked=&#8220;off&#8220; global_colors_info=&#8220;{}&#8220;]<\/p>\n<p style=\"text-align: center;\"><strong>STEINFR\u00dcCHTE<\/strong><\/p>\n<p style=\"text-align: center; font-size: small;\">Pfirsich, Nektarine, Aprikose, Pflaume, Plattpfirsich.<\/p>\n<p style=\"text-align: center; font-size: small;\">Saftig und voll im Geschmack, sind unsere Steinfr\u00fcchte das ganze Jahr \u00fcber ein St\u00fcck Sommer.<\/p>\n<p>[\/et_pb_text][\/et_pb_column][\/et_pb_row][et_pb_row column_structure=&#8220;1_3,1_3,1_3&#8243; _builder_version=&#8220;4.19.5&#8243; _module_preset=&#8220;default&#8220; locked=&#8220;off&#8220; global_colors_info=&#8220;{}&#8220;][et_pb_column type=&#8220;1_3&#8243; _builder_version=&#8220;4.19.5&#8243; _module_preset=&#8220;default&#8220; global_colors_info=&#8220;{}&#8220;][et_pb_image src=&#8220;https:\/\/stylebyfruit.com\/wp-content\/uploads\/2024\/08\/Firefly-a-photo-of-a-mediterranean-kitchen-white-wall-wooden-kitchen-counter-with-mediterranean-be-1.jpg&#8220; title_text=&#8220;Firefly a photo of a mediterranean kitchen, white wall, wooden kitchen counter with mediterranean be (1)&#8220; _builder_version=&#8220;4.19.5&#8243; _module_preset=&#8220;default&#8220; border_color_all=&#8220;RGBA(255,255,255,0)&#8220; border_style_all=&#8220;inset&#8220; global_colors_info=&#8220;{}&#8220;][\/et_pb_image][et_pb_text _builder_version=&#8220;4.19.5&#8243; _module_preset=&#8220;default&#8220; text_font=&#8220;|300|||||||&#8220; text_text_color=&#8220;#000000&#8243; text_font_size=&#8220;20px&#8220; text_line_height=&#8220;1.2em&#8220; custom_margin=&#8220;30px||||false|false&#8220; locked=&#8220;off&#8220; global_colors_info=&#8220;{}&#8220;]<\/p>\n<p style=\"text-align: center;\"><strong>BEEREN<\/strong><\/p>\n<p style=\"text-align: center; font-size: small;\">Himbeere, Heidelbeere, Erdbeere, Brombeere<\/p>\n<p style=\"text-align: center; font-size: small;\">Lebendig und n\u00e4hrstoffreich, sind unsere Beeren perfekt f\u00fcr einen gesunden Snack.<\/p>\n<p>[\/et_pb_text][\/et_pb_column][et_pb_column type=&#8220;1_3&#8243; _builder_version=&#8220;4.19.5&#8243; _module_preset=&#8220;default&#8220; global_colors_info=&#8220;{}&#8220;][et_pb_image src=&#8220;https:\/\/stylebyfruit.com\/wp-content\/uploads\/2024\/08\/Firefly-a-mediterranean-kitchen-white-wall-wooden-kitchen-counter-with-AVOCADOS-MANGOS-on-it-7193.jpg&#8220; title_text=&#8220;Firefly-a-mediterranean-kitchen,-white-wall,-wooden-kitchen-counter-with AVOCADOS,-MANGOS-on-it-7193&#8243; _builder_version=&#8220;4.19.5&#8243; _module_preset=&#8220;default&#8220; global_colors_info=&#8220;{}&#8220;][\/et_pb_image][et_pb_text _builder_version=&#8220;4.19.5&#8243; _module_preset=&#8220;default&#8220; text_font=&#8220;|300|||||||&#8220; text_text_color=&#8220;#000000&#8243; text_font_size=&#8220;20px&#8220; text_line_height=&#8220;1.2em&#8220; custom_margin=&#8220;30px||||false|false&#8220; locked=&#8220;off&#8220; global_colors_info=&#8220;{}&#8220;]<\/p>\n<p style=\"text-align: center;\"><strong>EXOTICS<\/strong><\/p>\n<p style=\"text-align: center; font-size: small;\">Avocado, Mango, Papaya<\/p>\n<p style=\"text-align: center; font-size: small;\">Entdecken Sie die einzigartigen Aromen unserer sorgf\u00e4ltig ausgew\u00e4hlten exotischen Fr\u00fcchte.<\/p>\n<p>[\/et_pb_text][\/et_pb_column][et_pb_column type=&#8220;1_3&#8243; _builder_version=&#8220;4.19.5&#8243; _module_preset=&#8220;default&#8220; global_colors_info=&#8220;{}&#8220;][et_pb_image src=&#8220;https:\/\/stylebyfruit.com\/wp-content\/uploads\/2024\/08\/Firefly-a-mediterranean-kitchen-white-wall-wooden-kitchen-counter-with-grapes-and-watermelon-on-it.jpg&#8220; title_text=&#8220;Firefly-a-mediterranean-kitchen,-white-wall,-wooden-kitchen-counter-with grapes-and-watermelon-on-it&#8220; _builder_version=&#8220;4.19.5&#8243; _module_preset=&#8220;default&#8220; global_colors_info=&#8220;{}&#8220;][\/et_pb_image][et_pb_text _builder_version=&#8220;4.19.5&#8243; _module_preset=&#8220;default&#8220; text_font=&#8220;|300|||||||&#8220; text_text_color=&#8220;#000000&#8243; text_font_size=&#8220;20px&#8220; text_line_height=&#8220;1.2em&#8220; custom_margin=&#8220;30px||||false|false&#8220; locked=&#8220;off&#8220; global_colors_info=&#8220;{}&#8220;]<\/p>\n<p style=\"text-align: center;\"><strong>ANDERE FR\u00dcCHTE<\/strong><\/p>\n<p style=\"text-align: center; font-size: small;\">Melone, Wassermelone, Weintraube, Granatapfel, Birne<\/p>\n<p style=\"text-align: center; font-size: small;\">Melone, Wassermelone, Weintraube, Granatapfel, Birne<\/p>\n<p>[\/et_pb_text][\/et_pb_column][\/et_pb_row][et_pb_row _builder_version=&#8220;4.19.5&#8243; _module_preset=&#8220;default&#8220; global_colors_info=&#8220;{}&#8220;][et_pb_column type=&#8220;4_4&#8243; _builder_version=&#8220;4.19.5&#8243; _module_preset=&#8220;default&#8220; global_colors_info=&#8220;{}&#8220;][et_pb_image src=&#8220;https:\/\/stylebyfruit.com\/wp-content\/uploads\/2024\/08\/horizontal-bar-style_1-1.webp&#8220; title_text=&#8220;horizontal bar style_1&#8243; _builder_version=&#8220;4.19.5&#8243; _module_preset=&#8220;default&#8220; global_colors_info=&#8220;{}&#8220;][\/et_pb_image][\/et_pb_column][\/et_pb_row][et_pb_row column_structure=&#8220;1_2,1_2&#8243; _builder_version=&#8220;4.19.5&#8243; _module_preset=&#8220;default&#8220; global_colors_info=&#8220;{}&#8220;][et_pb_column type=&#8220;1_2&#8243; _builder_version=&#8220;4.19.5&#8243; _module_preset=&#8220;default&#8220; global_colors_info=&#8220;{}&#8220;][et_pb_text _builder_version=&#8220;4.19.5&#8243; _module_preset=&#8220;default&#8220; header_2_font=&#8220;|600|||||||&#8220; header_2_text_align=&#8220;center&#8220; header_2_text_color=&#8220;#262329&#8243; header_2_font_size=&#8220;53px&#8220; header_2_line_height=&#8220;1.2em&#8220; custom_margin=&#8220;0px||0px||false|false&#8220; custom_margin_tablet=&#8220;0px||0px||false|false&#8220; custom_margin_phone=&#8220;0px||0px||false|false&#8220; custom_margin_last_edited=&#8220;on|phone&#8220; custom_padding=&#8220;0px||0px||false|false&#8220; header_2_font_size_tablet=&#8220;40px&#8220; header_2_font_size_phone=&#8220;30px&#8220; header_2_font_size_last_edited=&#8220;on|tablet&#8220; locked=&#8220;off&#8220; global_colors_info=&#8220;{}&#8220;]<\/p>\n<h2>ZERTIFIZIERTE QUALIT\u00c4T<\/h2>\n<p>[\/et_pb_text][et_pb_text _builder_version=&#8220;4.19.5&#8243; _module_preset=&#8220;default&#8220; text_font=&#8220;|300|||||||&#8220; text_text_color=&#8220;#000000&#8243; text_font_size=&#8220;20px&#8220; text_line_height=&#8220;1.2em&#8220; custom_margin=&#8220;30px||||false|false&#8220; locked=&#8220;off&#8220; global_colors_info=&#8220;{}&#8220;]<\/p>\n<p style=\"text-align: center;\"><span>Wir sind stolz auf unser breites Spektrum an Zertifizierungen, die h\u00f6chste Qualit\u00e4ts- und Sicherheitsstandards garantieren.<\/span><\/p>\n<p style=\"text-align: center;\"><span>Wir sind voll und ganz darauf vorbereitet, die spezifischen Anforderungen jedes Landes, in das wir exportieren, zu erf\u00fcllen. Unser Engagement f\u00fcr Spitzenleistungen bedeutet, dass  <\/span><strong>wir uns an die gesetzlichen Anforderungen jedes Marktes <\/strong><span>, anpassen und sicherstellen, dass unsere Produkte stets den Vorschriften entsprechen und von h\u00f6chster Qualit\u00e4t sind.<\/span><\/p>\n<p>[\/et_pb_text][\/et_pb_column][et_pb_column type=&#8220;1_2&#8243; _builder_version=&#8220;4.19.5&#8243; _module_preset=&#8220;default&#8220; global_colors_info=&#8220;{}&#8220;][et_pb_image src=&#8220;https:\/\/stylebyfruit.com\/wp-content\/uploads\/2024\/08\/Firefly-a-photo-of-a-grapefruit-field-m-editerranean-sunny-sky-agriculture-harvest-fruit-food-for-.jpg&#8220; title_text=&#8220;Firefly-a-photo-of-a-grapefruit-field,-m-editerranean-sunny-sky,-agriculture-harvest-fruit-food-for-&#8220; _builder_version=&#8220;4.19.5&#8243; _module_preset=&#8220;default&#8220; global_colors_info=&#8220;{}&#8220;][\/et_pb_image][\/et_pb_column][\/et_pb_row][\/et_pb_section]<\/p>\n","protected":false},"excerpt":{"rendered":"<p>UNSERE OBSTKOLLEKTIONEntdecken Sie unser breites Angebot an hochwertigen Fr\u00fcchten, die sorgf\u00e4ltig ausgew\u00e4hlt wurden, um die besten Aromen der Natur auf Ihren Tisch zu bringen.KAKI Kaki Rojo Brillante Die sorgf\u00e4ltig ausgew\u00e4hlt wurden, um die besten Aromen der Natur auf Ihren Tisch zu bringen.ZITRUS Orange, Mandarine, Grapefruit und Zitrone. Unsere Zitrusfr\u00fcchte sind erfrischend und voller Leben und [&hellip;]<\/p>\n","protected":false},"author":1,"featured_media":0,"parent":0,"menu_order":0,"comment_status":"closed","ping_status":"closed","template":"","meta":{"_et_pb_use_builder":"on","_et_pb_old_content":"","_et_gb_content_width":"","footnotes":""},"class_list":["post-30833","page","type-page","status-publish","hentry"],"_links":{"self":[{"href":"https:\/\/stylebyfruit.com\/de\/wp-json\/wp\/v2\/pages\/30833","targetHints":{"allow":["GET"]}}],"collection":[{"href":"https:\/\/stylebyfruit.com\/de\/wp-json\/wp\/v2\/pages"}],"about":[{"href":"https:\/\/stylebyfruit.com\/de\/wp-json\/wp\/v2\/types\/page"}],"author":[{"embeddable":true,"href":"https:\/\/stylebyfruit.com\/de\/wp-json\/wp\/v2\/users\/1"}],"replies":[{"embeddable":true,"href":"https:\/\/stylebyfruit.com\/de\/wp-json\/wp\/v2\/comments?post=30833"}],"version-history":[{"count":13,"href":"https:\/\/stylebyfruit.com\/de\/wp-json\/wp\/v2\/pages\/30833\/revisions"}],"predecessor-version":[{"id":31300,"href":"https:\/\/stylebyfruit.com\/de\/wp-json\/wp\/v2\/pages\/30833\/revisions\/31300"}],"wp:attachment":[{"href":"https:\/\/stylebyfruit.com\/de\/wp-json\/wp\/v2\/media?parent=30833"}],"curies":[{"name":"wp","href":"https:\/\/api.w.org\/{rel}","templated":true}]}}