{"id":30829,"date":"2022-05-12T16:50:09","date_gmt":"2022-05-12T16:50:09","guid":{"rendered":"https:\/\/stylebyfruit.com\/style-by-fruit\/"},"modified":"2024-09-06T10:47:14","modified_gmt":"2024-09-06T10:47:14","slug":"style-by-fruit","status":"publish","type":"page","link":"https:\/\/stylebyfruit.com\/de\/style-by-fruit\/","title":{"rendered":"Style by Fruit"},"content":{"rendered":"<p>[et_pb_section fb_built=&#8220;1&#8243; custom_padding_last_edited=&#8220;on|tablet&#8220; _builder_version=&#8220;4.19.5&#8243; _module_preset=&#8220;default&#8220; background_image=&#8220;https:\/\/stylebyfruit.com\/wp-content\/uploads\/2024\/08\/background-style.webp&#8220; background_position=&#8220;bottom_center&#8220; background_vertical_offset=&#8220;3%&#8220; background_enable_video_mp4=&#8220;off&#8220; custom_margin=&#8220;0px||0px||false|false&#8220; custom_padding=&#8220;15vh||15vh||true|false&#8220; custom_padding_tablet=&#8220;180px||180px||false|false&#8220; custom_padding_phone=&#8220;80px||80px||true|false&#8220; animation_style=&#8220;fade&#8220; animation_duration=&#8220;700ms&#8220; animation_speed_curve=&#8220;ease-in&#8220; locked=&#8220;off&#8220; global_colors_info=&#8220;{}&#8220;][\/et_pb_section][et_pb_section fb_built=&#8220;1&#8243; custom_padding_last_edited=&#8220;on|phone&#8220; _builder_version=&#8220;4.18.0&#8243; _module_preset=&#8220;default&#8220; background_enable_color=&#8220;off&#8220; custom_margin=&#8220;0px||0px||false|false&#8220; custom_padding=&#8220;||||false|false&#8220; custom_padding_tablet=&#8220;120px||120px||false|false&#8220; custom_padding_phone=&#8220;25px||80px||false|false&#8220; global_colors_info=&#8220;{}&#8220;][et_pb_row use_custom_gutter=&#8220;on&#8220; gutter_width=&#8220;2&#8243; make_equal=&#8220;on&#8220; _builder_version=&#8220;4.17.4&#8243; _module_preset=&#8220;default&#8220; width=&#8220;90%&#8220; max_width=&#8220;1290px&#8220; custom_margin=&#8220;0px||0px||false|false&#8220; custom_padding=&#8220;0px||0px||false|false&#8220; global_colors_info=&#8220;{}&#8220;][et_pb_column type=&#8220;4_4&#8243; _builder_version=&#8220;4.17.3&#8243; _module_preset=&#8220;default&#8220; global_colors_info=&#8220;{}&#8220;][et_pb_text _builder_version=&#8220;4.17.4&#8243; _module_preset=&#8220;default&#8220; header_2_font=&#8220;||||||||&#8220; header_2_text_align=&#8220;center&#8220; header_2_text_color=&#8220;#262329&#8243; header_2_font_size=&#8220;53px&#8220; header_2_line_height=&#8220;1.2em&#8220; custom_margin=&#8220;0px||20px||false|false&#8220; custom_margin_tablet=&#8220;0px||0px||false|false&#8220; custom_margin_phone=&#8220;0px||0px||false|false&#8220; custom_margin_last_edited=&#8220;on|phone&#8220; custom_padding=&#8220;0px||0px||false|false&#8220; header_2_font_size_tablet=&#8220;40px&#8220; header_2_font_size_phone=&#8220;30px&#8220; header_2_font_size_last_edited=&#8220;on|tablet&#8220; global_colors_info=&#8220;{}&#8220;]<\/p>\n<h2>WIR SIND STYLE BY FRUIT<\/h2>\n<p>[\/et_pb_text][et_pb_text _builder_version=&#8220;4.27.0&#8243; _module_preset=&#8220;default&#8220; text_font=&#8220;|300|||||||&#8220; text_text_color=&#8220;#000000&#8243; text_font_size=&#8220;20px&#8220; text_line_height=&#8220;1.2em&#8220; text_orientation=&#8220;center&#8220; custom_margin=&#8220;|196px||196px|false|true&#8220; custom_margin_tablet=&#8220;35px|67px||67px|false|true&#8220; custom_margin_phone=&#8220;40px|0px||0px|false|false&#8220; custom_margin_last_edited=&#8220;on|desktop&#8220; global_colors_info=&#8220;{}&#8220;]<\/p>\n<p><strong>Style by Fruit<\/strong> ist die <strong>Premium-Obstmarke<\/strong> Premium-Obstmarke <strong>Exquisite Fruits <\/strong>geh\u00f6rt, einem valencianischen Unternehmen, das f\u00fchrend in der Produktion, Vermarktung und im Export von Obst und Gem\u00fcse aus Spanien ist.<\/p>\n<p>[\/et_pb_text][\/et_pb_column][\/et_pb_row][\/et_pb_section][et_pb_section fb_built=&#8220;1&#8243; _builder_version=&#8220;4.19.5&#8243; _module_preset=&#8220;default&#8220; background_color=&#8220;#E09900&#8243; custom_margin=&#8220;0px||0px||false|false&#8220; custom_padding=&#8220;0px||0px||false|false&#8220; global_colors_info=&#8220;{}&#8220;][et_pb_row column_structure=&#8220;1_2,1_2&#8243; use_custom_gutter=&#8220;on&#8220; gutter_width=&#8220;1&#8243; make_equal=&#8220;on&#8220; _builder_version=&#8220;4.19.5&#8243; _module_preset=&#8220;default&#8220; width=&#8220;100%&#8220; max_width=&#8220;100%&#8220; custom_margin=&#8220;0px||0px||false|false&#8220; custom_padding=&#8220;0px||0px||false|false&#8220; global_colors_info=&#8220;{}&#8220;][et_pb_column type=&#8220;1_2&#8243; _builder_version=&#8220;4.19.5&#8243; _module_preset=&#8220;default&#8220; background_image=&#8220;https:\/\/stylebyfruit.com\/wp-content\/uploads\/2024\/08\/Firefly-a-yute-bag-filled-with-some-fruits-Oranges-peaches-mandarins-pinapple-on-a-withe-spanis-scaled.jpg&#8220; global_colors_info=&#8220;{}&#8220;][et_pb_divider show_divider=&#8220;off&#8220; _builder_version=&#8220;4.19.5&#8243; _module_preset=&#8220;default&#8220; custom_padding_tablet=&#8220;30%||30%||true|false&#8220; custom_padding_phone=&#8220;34%||34%||true|false&#8220; custom_padding_last_edited=&#8220;on|phone&#8220; global_colors_info=&#8220;{}&#8220;][\/et_pb_divider][\/et_pb_column][et_pb_column type=&#8220;1_2&#8243; _builder_version=&#8220;4.19.5&#8243; _module_preset=&#8220;default&#8220; background_enable_color=&#8220;off&#8220; custom_padding=&#8220;14vh|13vh|14vh|13vh|true|false&#8220; custom_padding_tablet=&#8220;120px|200px|120px|120px|false|false&#8220; custom_padding_phone=&#8220;80px|20px|80px|20px|false|false&#8220; custom_padding_last_edited=&#8220;on|tablet&#8220; custom_css_main_element=&#8220;margin:auto;&#8220; global_colors_info=&#8220;{}&#8220;][et_pb_text content_tablet=&#8220;<\/p>\n<h2 style=%22text-align: center;%22>MEDITERRANER GESCHMACK.<\/h2>\n<p>&#8220; content_phone=&#8220;<\/p>\n<h2 style=%22text-align: center;%22>MEDITERRANER GESCHMACK.<\/h2>\n<p>&#8220; content_last_edited=&#8220;on|tablet&#8220; _builder_version=&#8220;4.27.0&#8243; _module_preset=&#8220;default&#8220; header_2_font=&#8220;|700|||||||&#8220; header_2_text_align=&#8220;left&#8220; header_2_text_color=&#8220;#FFFFFF&#8220; header_2_font_size=&#8220;48px&#8220; header_2_letter_spacing=&#8220;1px&#8220; header_2_line_height=&#8220;1.2em&#8220; custom_margin=&#8220;0px||30px||false|false&#8220; custom_padding=&#8220;0px||0px||false|false&#8220; header_2_text_align_tablet=&#8220;left&#8220; header_2_text_align_phone=&#8220;center&#8220; header_2_text_align_last_edited=&#8220;on|phone&#8220; header_2_font_size_tablet=&#8220;48px&#8220; header_2_font_size_phone=&#8220;30px&#8220; header_2_font_size_last_edited=&#8220;on|phone&#8220; global_colors_info=&#8220;{}&#8220;]<\/p>\n<h2>MEDITERRANER GESCHMACK.<\/h2>\n<p>[\/et_pb_text][et_pb_code _builder_version=&#8220;4.17.4&#8243; _module_preset=&#8220;default&#8220; custom_margin=&#8220;0px||0px||false|false&#8220; custom_padding=&#8220;0px||0px||false|false&#8220; global_colors_info=&#8220;{}&#8220;]<\/p>\n<style><!-- [et_pb_line_break_holder] -->.et_pb_main_blurb_image img {<!-- [et_pb_line_break_holder] -->    border-radius: unset;<!-- [et_pb_line_break_holder] -->}<!-- [et_pb_line_break_holder] --><\/style>\n<p><!-- [et_pb_line_break_holder] -->[\/et_pb_code][et_pb_text content_tablet=&#8220;<\/p>\n<p style=%22text-align: center;%22>Nach mehreren Jahren in der Branche wurde STYLE BY FRUIT als Reaktion auf die Nachfrage unserer Kunden nach einem Produkt ins Leben gerufen, das sich durch eine einzigartige Auswahl und sorgf\u00e4ltige Handhabung auszeichnet \u2013 Kernprinzipien unseres Unternehmens.<\/p>\n<p style=%22text-align: center;%22>Heute ist STYLE BY FRUIT auf dem Markt als eine der f\u00fchrenden Marken im Sektor positioniert, dank seiner strengen Qualit\u00e4tskontrollen sowohl im Feld als auch w\u00e4hrend des Obsthandhabungsprozesses. Diese Kontrollen erm\u00f6glichen es uns, das Produkt ohne Verlust seiner Eigenschaften auf Ihren Tisch zu bringen.<\/p>\n<p style=%22text-align: center;%22>Diese Qualit\u00e4tskontrolle, kombiniert mit der kontinuierlichen Pflege unseres Images, macht STYLE BY FRUIT zu einer Garantie f\u00fcr Erfolg in Ihren Verk\u00e4ufen.<\/p>\n<p>&#8220; content_phone=&#8220;<\/p>\n<p style=%22text-align: center;%22>Nach mehreren Jahren in der Branche wurde STYLE BY FRUIT als Reaktion auf die Nachfrage unserer Kunden nach einem Produkt ins Leben gerufen, das sich durch eine einzigartige Auswahl und sorgf\u00e4ltige Handhabung auszeichnet \u2013 Kernprinzipien unseres Unternehmens.<\/p>\n<p style=%22text-align: center;%22>Heute ist STYLE BY FRUIT auf dem Markt als eine der f\u00fchrenden Marken im Sektor positioniert, dank seiner strengen Qualit\u00e4tskontrollen sowohl im Feld als auch w\u00e4hrend des Obsthandhabungsprozesses. Diese Kontrollen erm\u00f6glichen es uns, das Produkt ohne Verlust seiner Eigenschaften auf Ihren Tisch zu bringen.<\/p>\n<p style=%22text-align: center;%22>Diese Qualit\u00e4tskontrolle, kombiniert mit der kontinuierlichen Pflege unseres Images, macht STYLE BY FRUIT zu einer Garantie f\u00fcr Erfolg in Ihren Verk\u00e4ufen.<\/p>\n<p>&#8220; content_last_edited=&#8220;on|phone&#8220; _builder_version=&#8220;4.27.0&#8243; _module_preset=&#8220;default&#8220; text_text_color=&#8220;#FFFFFF&#8220; text_font_size=&#8220;18px&#8220; global_colors_info=&#8220;{}&#8220;]<\/p>\n<p>Nach mehreren Jahren in der Branche wurde STYLE BY FRUIT als Reaktion auf die Nachfrage unserer Kunden nach einem Produkt ins Leben gerufen, das sich durch eine einzigartige Auswahl und sorgf\u00e4ltige Handhabung auszeichnet \u2013 Kernprinzipien unseres Unternehmens.<\/p>\n<p>Heute ist STYLE BY FRUIT auf dem Markt als eine der f\u00fchrenden Marken im Sektor positioniert, dank seiner strengen Qualit\u00e4tskontrollen sowohl im Feld als auch w\u00e4hrend des Obsthandhabungsprozesses. Diese Kontrollen erm\u00f6glichen es uns, das Produkt ohne Verlust seiner Eigenschaften auf Ihren Tisch zu bringen.<\/p>\n<p>Diese Qualit\u00e4tskontrolle, kombiniert mit der kontinuierlichen Pflege unseres Images, macht STYLE BY FRUIT zu einer Garantie f\u00fcr Erfolg in Ihren Verk\u00e4ufen.<\/p>\n<p>[\/et_pb_text][\/et_pb_column][\/et_pb_row][\/et_pb_section][et_pb_section fb_built=&#8220;1&#8243; specialty=&#8220;on&#8220; _builder_version=&#8220;4.19.5&#8243; _module_preset=&#8220;default&#8220; global_colors_info=&#8220;{}&#8220;][et_pb_column type=&#8220;1_4&#8243; _builder_version=&#8220;4.16&#8243; custom_padding=&#8220;|||&#8220; global_colors_info=&#8220;{}&#8220; custom_padding__hover=&#8220;|||&#8220;][et_pb_image src=&#8220;https:\/\/stylebyfruit.com\/wp-content\/uploads\/2024\/08\/BARRA-STYLE-VERTICAL.webp&#8220; title_text=&#8220;BARRA STYLE VERTICAL&#8220; disabled_on=&#8220;on|on|off&#8220; _builder_version=&#8220;4.19.5&#8243; _module_preset=&#8220;default&#8220; transform_scale_tablet=&#8220;&#8220; transform_scale_phone=&#8220;&#8220; transform_scale_last_edited=&#8220;on|desktop&#8220; transform_translate_tablet=&#8220;&#8220; transform_translate_phone=&#8220;&#8220; transform_translate_last_edited=&#8220;on|desktop&#8220; transform_rotate_tablet=&#8220;&#8220; transform_rotate_phone=&#8220;&#8220; transform_rotate_last_edited=&#8220;on|desktop&#8220; transform_skew_tablet=&#8220;&#8220; transform_skew_phone=&#8220;&#8220; transform_skew_last_edited=&#8220;on|desktop&#8220; transform_origin_tablet=&#8220;&#8220; transform_origin_phone=&#8220;&#8220; transform_origin_last_edited=&#8220;on|desktop&#8220; transform_styles_last_edited=&#8220;on|desktop&#8220; width=&#8220;62%&#8220; width_tablet=&#8220;62%&#8220; width_phone=&#8220;62%&#8220; width_last_edited=&#8220;on|desktop&#8220; transform_styles_tablet=&#8220;&#8220; transform_styles_phone=&#8220;&#8220; global_colors_info=&#8220;{}&#8220;][\/et_pb_image][\/et_pb_column][et_pb_column type=&#8220;3_4&#8243; specialty_columns=&#8220;3&#8243; _builder_version=&#8220;4.16&#8243; custom_padding=&#8220;|||&#8220; global_colors_info=&#8220;{}&#8220; custom_padding__hover=&#8220;|||&#8220;][et_pb_row_inner _builder_version=&#8220;4.19.5&#8243; _module_preset=&#8220;default&#8220; global_colors_info=&#8220;{}&#8220;][et_pb_column_inner saved_specialty_column_type=&#8220;3_4&#8243; _builder_version=&#8220;4.19.5&#8243; _module_preset=&#8220;default&#8220; global_colors_info=&#8220;{}&#8220;][et_pb_text _builder_version=&#8220;4.19.5&#8243; _module_preset=&#8220;default&#8220; header_2_font=&#8220;||||||||&#8220; header_2_text_align=&#8220;center&#8220; header_2_text_color=&#8220;#262329&#8243; header_2_font_size=&#8220;63px&#8220; header_2_line_height=&#8220;1.2em&#8220; custom_margin=&#8220;0px||20px||false|false&#8220; custom_margin_tablet=&#8220;0px||0px||false|false&#8220; custom_margin_phone=&#8220;0px||0px||false|false&#8220; custom_margin_last_edited=&#8220;on|phone&#8220; custom_padding=&#8220;0px||0px||false|false&#8220; header_2_font_size_tablet=&#8220;40px&#8220; header_2_font_size_phone=&#8220;30px&#8220; header_2_font_size_last_edited=&#8220;on|tablet&#8220; locked=&#8220;off&#8220; global_colors_info=&#8220;{}&#8220;]<\/p>\n<h2>BIO UND KONVENTIONELL<\/h2>\n<p>[\/et_pb_text][et_pb_text _builder_version=&#8220;4.19.5&#8243; _module_preset=&#8220;default&#8220; text_orientation=&#8220;center&#8220; custom_margin=&#8220;73px||||false|false&#8220; custom_margin_tablet=&#8220;73px||||false|false&#8220; custom_margin_phone=&#8220;73px||||false|false&#8220; custom_margin_last_edited=&#8220;on|desktop&#8220; locked=&#8220;off&#8220; global_colors_info=&#8220;{}&#8220;]<\/p>\n<p>Style By Fruit bietet eine Auswahl an zertifiziertem Bio-Obst und konventionellem Obst. Beide Linien garantieren die gleiche au\u00dfergew\u00f6hnliche Qualit\u00e4t, Frische und den gleichen Geschmack und passen sich den Vorlieben jedes Verbrauchers an. <\/p>\n<p>[\/et_pb_text][\/et_pb_column_inner][\/et_pb_row_inner][et_pb_row_inner column_structure=&#8220;1_2,1_2&#8243; _builder_version=&#8220;4.19.5&#8243; _module_preset=&#8220;default&#8220; global_colors_info=&#8220;{}&#8220;][et_pb_column_inner type=&#8220;1_2&#8243; saved_specialty_column_type=&#8220;3_4&#8243; _builder_version=&#8220;4.19.5&#8243; _module_preset=&#8220;default&#8220; global_colors_info=&#8220;{}&#8220;][et_pb_image src=&#8220;https:\/\/stylebyfruit.com\/wp-content\/uploads\/2024\/08\/mockup-aguacate-spain-style-1.jpg&#8220; title_text=&#8220;mockup-aguacate-spain-style-1&#8243; _builder_version=&#8220;4.19.5&#8243; _module_preset=&#8220;default&#8220; global_colors_info=&#8220;{}&#8220;][\/et_pb_image][\/et_pb_column_inner][et_pb_column_inner type=&#8220;1_2&#8243; saved_specialty_column_type=&#8220;3_4&#8243; _builder_version=&#8220;4.19.5&#8243; _module_preset=&#8220;default&#8220; global_colors_info=&#8220;{}&#8220;][et_pb_image src=&#8220;https:\/\/stylebyfruit.com\/wp-content\/uploads\/2024\/08\/mockup-mango-spain-style-1.jpg&#8220; title_text=&#8220;mockup-mango-spain-style-1&#8243; _builder_version=&#8220;4.19.5&#8243; _module_preset=&#8220;default&#8220; global_colors_info=&#8220;{}&#8220;][\/et_pb_image][\/et_pb_column_inner][\/et_pb_row_inner][\/et_pb_column][\/et_pb_section][et_pb_section fb_built=&#8220;1&#8243; custom_padding_last_edited=&#8220;on|phone&#8220; _builder_version=&#8220;4.27.0&#8243; _module_preset=&#8220;default&#8220; background_enable_color=&#8220;off&#8220; custom_margin=&#8220;||||false|false&#8220; custom_padding=&#8220;100px||100px||true|false&#8220; custom_padding_tablet=&#8220;14px||120px||false|false&#8220; custom_padding_phone=&#8220;0px||0px||false|false&#8220; global_colors_info=&#8220;{}&#8220;][et_pb_row use_custom_gutter=&#8220;on&#8220; gutter_width=&#8220;2&#8243; make_equal=&#8220;on&#8220; _builder_version=&#8220;4.17.4&#8243; _module_preset=&#8220;default&#8220; width=&#8220;90%&#8220; max_width=&#8220;1290px&#8220; custom_margin=&#8220;0px||0px||false|false&#8220; custom_padding=&#8220;0px||0px||false|false&#8220; global_colors_info=&#8220;{}&#8220;][et_pb_column type=&#8220;4_4&#8243; _builder_version=&#8220;4.17.3&#8243; _module_preset=&#8220;default&#8220; global_colors_info=&#8220;{}&#8220;][et_pb_text _builder_version=&#8220;4.19.5&#8243; _module_preset=&#8220;default&#8220; header_2_font=&#8220;||||||||&#8220; header_2_text_align=&#8220;center&#8220; header_2_text_color=&#8220;#262329&#8243; header_2_font_size=&#8220;63px&#8220; header_2_line_height=&#8220;1.2em&#8220; custom_margin=&#8220;0px||20px||false|false&#8220; custom_margin_tablet=&#8220;0px||0px||false|false&#8220; custom_margin_phone=&#8220;0px||0px||false|false&#8220; custom_margin_last_edited=&#8220;on|phone&#8220; custom_padding=&#8220;0px||0px||false|false&#8220; header_2_font_size_tablet=&#8220;40px&#8220; header_2_font_size_phone=&#8220;30px&#8220; header_2_font_size_last_edited=&#8220;on|tablet&#8220; global_colors_info=&#8220;{}&#8220;]<\/p>\n<h2>UNSERE SPEZIALIT\u00c4T<\/h2>\n<p>[\/et_pb_text][\/et_pb_column][\/et_pb_row][et_pb_row column_structure=&#8220;1_2,1_2&#8243; _builder_version=&#8220;4.27.0&#8243; _module_preset=&#8220;default&#8220; global_colors_info=&#8220;{}&#8220;][et_pb_column type=&#8220;1_2&#8243; _builder_version=&#8220;4.17.4&#8243; _module_preset=&#8220;default&#8220; global_colors_info=&#8220;{}&#8220;][et_pb_text _builder_version=&#8220;4.27.0&#8243; _module_preset=&#8220;default&#8220; text_orientation=&#8220;center&#8220; custom_margin=&#8220;152px||||false|false&#8220; custom_margin_tablet=&#8220;0px||||false|false&#8220; custom_margin_phone=&#8220;0px||||false|false&#8220; custom_margin_last_edited=&#8220;on|desktop&#8220; global_colors_info=&#8220;{}&#8220;]<\/p>\n<p><span>Mit einem Fokus auf au\u00dfergew\u00f6hnlicher Qualit\u00e4t, un\u00fcbertroffener Frische und eleganter Pr\u00e4sentation ist <\/span><strong>STYLE BY FRUIT<\/strong><span> nicht nur eine Marke; es ist ein Synonym f\u00fcr Exzellenz im <\/span><strong>Einzelhandel<\/strong><span> und garantiert, dass die Verbraucher in mehr als 32 L\u00e4ndern bei jedem Kauf das Beste erhalten.<\/span><\/p>\n<p>[\/et_pb_text][et_pb_image src=&#8220;https:\/\/stylebyfruit.com\/wp-content\/uploads\/2024\/08\/icono-style-cuadrado-8-1.png&#8220; title_text=&#8220;icono style cuadrado-8&#8243; align=&#8220;center&#8220; _builder_version=&#8220;4.19.5&#8243; _module_preset=&#8220;default&#8220; width=&#8220;15%&#8220; global_colors_info=&#8220;{}&#8220;][\/et_pb_image][\/et_pb_column][et_pb_column type=&#8220;1_2&#8243; _builder_version=&#8220;4.17.4&#8243; _module_preset=&#8220;default&#8220; global_colors_info=&#8220;{}&#8220;][et_pb_image src=&#8220;https:\/\/stylebyfruit.com\/wp-content\/uploads\/2024\/08\/cartel-style-fruteria.webp&#8220; title_text=&#8220;cartel style fruter\u00eda&#8220; _builder_version=&#8220;4.19.5&#8243; _module_preset=&#8220;default&#8220; global_colors_info=&#8220;{}&#8220;][\/et_pb_image][\/et_pb_column][\/et_pb_row][\/et_pb_section]<\/p>\n","protected":false},"excerpt":{"rendered":"<p>WIR SIND STYLE BY FRUITStyle by Fruit ist die Premium-Obstmarke Premium-Obstmarke Exquisite Fruits geh\u00f6rt, einem valencianischen Unternehmen, das f\u00fchrend in der Produktion, Vermarktung und im Export von Obst und Gem\u00fcse aus Spanien ist.MEDITERRANER GESCHMACK.Nach mehreren Jahren in der Branche wurde STYLE BY FRUIT als Reaktion auf die Nachfrage unserer Kunden nach einem Produkt ins Leben [&hellip;]<\/p>\n","protected":false},"author":1,"featured_media":0,"parent":0,"menu_order":0,"comment_status":"closed","ping_status":"closed","template":"","meta":{"_et_pb_use_builder":"on","_et_pb_old_content":"","_et_gb_content_width":"","footnotes":""},"class_list":["post-30829","page","type-page","status-publish","hentry"],"_links":{"self":[{"href":"https:\/\/stylebyfruit.com\/de\/wp-json\/wp\/v2\/pages\/30829","targetHints":{"allow":["GET"]}}],"collection":[{"href":"https:\/\/stylebyfruit.com\/de\/wp-json\/wp\/v2\/pages"}],"about":[{"href":"https:\/\/stylebyfruit.com\/de\/wp-json\/wp\/v2\/types\/page"}],"author":[{"embeddable":true,"href":"https:\/\/stylebyfruit.com\/de\/wp-json\/wp\/v2\/users\/1"}],"replies":[{"embeddable":true,"href":"https:\/\/stylebyfruit.com\/de\/wp-json\/wp\/v2\/comments?post=30829"}],"version-history":[{"count":8,"href":"https:\/\/stylebyfruit.com\/de\/wp-json\/wp\/v2\/pages\/30829\/revisions"}],"predecessor-version":[{"id":31293,"href":"https:\/\/stylebyfruit.com\/de\/wp-json\/wp\/v2\/pages\/30829\/revisions\/31293"}],"wp:attachment":[{"href":"https:\/\/stylebyfruit.com\/de\/wp-json\/wp\/v2\/media?parent=30829"}],"curies":[{"name":"wp","href":"https:\/\/api.w.org\/{rel}","templated":true}]}}